{"id":17261,"date":"2022-07-18T08:36:39","date_gmt":"2022-07-18T07:36:39","guid":{"rendered":"https:\/\/cosmesad.com\/?post_type=product&#038;p=17261"},"modified":"2022-10-23T17:52:29","modified_gmt":"2022-10-23T16:52:29","slug":"enbody-perfume-wiked-dreamerfrparfum-pour-corps-wiked-dreamerar%d8%b9%d8%b7%d8%b1-%d8%a7%d9%84%d8%ac%d8%b3%d9%85-%d9%88%d9%8a%d9%83%d8%af","status":"publish","type":"product","link":"https:\/\/cosmesad.com\/en\/produit\/enbody-perfume-wiked-dreamerfrparfum-pour-corps-wiked-dreamerar%d8%b9%d8%b7%d8%b1-%d8%a7%d9%84%d8%ac%d8%b3%d9%85-%d9%88%d9%8a%d9%83%d8%af\/","title":{"rendered":"BODY PERFUME: WIKED DREAMER"},"content":{"rendered":"<p>Une brume corporelle raffin\u00e9e pour femme de syoch avec des notes florales et fruit\u00e9es elle laisse la peau merveilleusement parfum\u00e9e ce qui vous donne une bonne portion d\u2019\u00e9nergie et de confiance en vous \u00e0 tout moment de la journ\u00e9e.<\/p>\n","protected":false},"excerpt":{"rendered":"<p>Une brume corporelle raffin\u00e9e pour femme de syoch avec des notes florales et fruit\u00e9es elle laisse la peau merveilleusement parfum\u00e9e ce qui vous donne une bonne portion d\u2019\u00e9nergie et de confiance en vous \u00e0 tout moment de la journ\u00e9e.<\/p>\n","protected":false},"featured_media":17613,"comment_status":"open","ping_status":"closed","template":"","meta":{"_et_pb_use_builder":"","_et_pb_old_content":"","_et_gb_content_width":""},"product_brand":[],"product_cat":[243],"product_tag":[],"class_list":{"0":"post-17261","1":"product","2":"type-product","3":"status-publish","4":"has-post-thumbnail","6":"product_cat-243","8":"first","9":"instock","10":"shipping-taxable","11":"product-type-simple"},"_links":{"self":[{"href":"https:\/\/cosmesad.com\/en\/wp-json\/wp\/v2\/product\/17261","targetHints":{"allow":["GET"]}}],"collection":[{"href":"https:\/\/cosmesad.com\/en\/wp-json\/wp\/v2\/product"}],"about":[{"href":"https:\/\/cosmesad.com\/en\/wp-json\/wp\/v2\/types\/product"}],"replies":[{"embeddable":true,"href":"https:\/\/cosmesad.com\/en\/wp-json\/wp\/v2\/comments?post=17261"}],"wp:featuredmedia":[{"embeddable":true,"href":"https:\/\/cosmesad.com\/en\/wp-json\/wp\/v2\/media\/17613"}],"wp:attachment":[{"href":"https:\/\/cosmesad.com\/en\/wp-json\/wp\/v2\/media?parent=17261"}],"wp:term":[{"taxonomy":"product_brand","embeddable":true,"href":"https:\/\/cosmesad.com\/en\/wp-json\/wp\/v2\/product_brand?post=17261"},{"taxonomy":"product_cat","embeddable":true,"href":"https:\/\/cosmesad.com\/en\/wp-json\/wp\/v2\/product_cat?post=17261"},{"taxonomy":"product_tag","embeddable":true,"href":"https:\/\/cosmesad.com\/en\/wp-json\/wp\/v2\/product_tag?post=17261"}],"curies":[{"name":"wp","href":"https:\/\/api.w.org\/{rel}","templated":true}]}}