{"id":17266,"date":"2022-07-18T08:36:41","date_gmt":"2022-07-18T07:36:41","guid":{"rendered":"https:\/\/cosmesad.com\/?post_type=product&#038;p=17266"},"modified":"2022-10-23T17:42:14","modified_gmt":"2022-10-23T16:42:14","slug":"enbody-perfume-coconut-passion-noirfrparfum-pour-corps-coconut-passion-noirar%d8%b9%d8%b7%d8%b1-%d8%a7%d9%84%d8%ac%d8%b3%d9%85-%d9%83%d9%88%d9%83%d9%86%d8%a7%d8%aa-%d8%a8","status":"publish","type":"product","link":"https:\/\/cosmesad.com\/en\/produit\/enbody-perfume-coconut-passion-noirfrparfum-pour-corps-coconut-passion-noirar%d8%b9%d8%b7%d8%b1-%d8%a7%d9%84%d8%ac%d8%b3%d9%85-%d9%83%d9%88%d9%83%d9%86%d8%a7%d8%aa-%d8%a8\/","title":{"rendered":"BODY PERFUME: COCONUT PASSION NOIR"},"content":{"rendered":"<p>A powdery fruity floral body mist for women from syoch  it leaves a lasting effect on the body  gives you a new burst of energy and self-confidence at any time of the day  adds a sweet coconut scent that leaves you makes you travel to tropical islands with its exotic smell.<\/p>\n","protected":false},"excerpt":{"rendered":"<p>A powdery fruity floral body mist for women from syoch  it leaves a lasting effect on the body  gives you a new burst of energy and self-confidence at any time of the day  adds a sweet coconut scent that leaves you makes you travel to tropical islands with its exotic smell.<\/p>\n","protected":false},"featured_media":17599,"comment_status":"open","ping_status":"closed","template":"","meta":{"_et_pb_use_builder":"on","_et_pb_old_content":"Une brume corporelle florale fruit\u00e9e poudr\u00e9e pour femme de syoch elle laisse un effet durable sur le corps vous donne une nouvelle bouff\u00e9e d'\u00e9nergie et de confiance en vous \u00e0 tout moment de la journ\u00e9e ajoute un doux parfum de noix de coco qui vous fait voyager dans les \u00eeles tropicales avec son odeur exotique.","_et_gb_content_width":""},"product_brand":[],"product_cat":[243],"product_tag":[],"class_list":{"0":"post-17266","1":"product","2":"type-product","3":"status-publish","4":"has-post-thumbnail","6":"product_cat-243","8":"first","9":"instock","10":"shipping-taxable","11":"product-type-simple"},"_links":{"self":[{"href":"https:\/\/cosmesad.com\/en\/wp-json\/wp\/v2\/product\/17266","targetHints":{"allow":["GET"]}}],"collection":[{"href":"https:\/\/cosmesad.com\/en\/wp-json\/wp\/v2\/product"}],"about":[{"href":"https:\/\/cosmesad.com\/en\/wp-json\/wp\/v2\/types\/product"}],"replies":[{"embeddable":true,"href":"https:\/\/cosmesad.com\/en\/wp-json\/wp\/v2\/comments?post=17266"}],"wp:featuredmedia":[{"embeddable":true,"href":"https:\/\/cosmesad.com\/en\/wp-json\/wp\/v2\/media\/17599"}],"wp:attachment":[{"href":"https:\/\/cosmesad.com\/en\/wp-json\/wp\/v2\/media?parent=17266"}],"wp:term":[{"taxonomy":"product_brand","embeddable":true,"href":"https:\/\/cosmesad.com\/en\/wp-json\/wp\/v2\/product_brand?post=17266"},{"taxonomy":"product_cat","embeddable":true,"href":"https:\/\/cosmesad.com\/en\/wp-json\/wp\/v2\/product_cat?post=17266"},{"taxonomy":"product_tag","embeddable":true,"href":"https:\/\/cosmesad.com\/en\/wp-json\/wp\/v2\/product_tag?post=17266"}],"curies":[{"name":"wp","href":"https:\/\/api.w.org\/{rel}","templated":true}]}}